{"id":7,"date":"2023-01-21T17:51:09","date_gmt":"2023-01-21T15:51:09","guid":{"rendered":"https:\/\/atmetalwork.com\/?page_id=7"},"modified":"2023-08-31T16:42:44","modified_gmt":"2023-08-31T14:42:44","slug":"esileht","status":"publish","type":"page","link":"https:\/\/atmetalwork.com\/en\/","title":{"rendered":"AT METALLI GRUPP O\u00dc"},"content":{"rendered":"<p><strong>AT METALLI GRUPP O\u00dc <\/strong>\u2013 metalwork solutions<\/p>\n\n\n\n<p>AT Metal Group is a metal processing company founded in 2000. Currently the company has 25 employees, 1500 m\u00b2 of production area and 51 metal processing machines including 7 CNC machines. Our versatile selection of machines and qualified professionals allow us to perform most of the metal cutting operations, of which turning and milling are main lines of activity. We are able to process wide variety of different materials \u2013 from plastic and non-ferrous metals to special steel alloys.<\/p>\n\n\n\n<p>The product range of our company includes various, shafts, bushes, bearing housings, components of hydraulic cylinders, as well as other transmission components and machine parts. We have also commenced production of small assemblies (grippers, jaws). The products of AT Metal Group are mainly used in mechanical engineering. We build forestry trailers and forestry cranes. Depending on the needs of our customers, we can produce high-volume series as well as individual components. Due to our high-quality products, stable marketing system, and good relations with our customers we deliver a significant proportion of our products to engineering companies in Sweden, Norway and Germany. The logistics is organized according to the requirements of the customers. Usually our partner companies deliver to their destination.<\/p>\n\n\n\n<p>AT Metal Group is a fast developing company that holds a firm position on the export market of Estonian metal products and is constantly searching for possibilities to enter new markets. The competitive advantages of our company are low product prices and sound knowledge on the field of metal processing.<\/p>","protected":false},"excerpt":{"rendered":"<p>AT METALLI GRUPP O\u00dc &#8211; metallit\u00f6\u00f6de lahendused AT Metalli Grupp O\u00dc on 2000 aastal asutatud metallit\u00f6\u00f6de tootmisettev\u00f5te. T\u00e4naseks on firmal 25 t\u00f6\u00f6tajat, 1500 m\u00b2 tootmispinda ja 30 metalli-t\u00f6\u00f6tluspinki, nende hulgas 7 CNC t\u00f6\u00f6pinki. Mitmek\u00fclgne t\u00f6\u00f6pingipark ja kvalifitseeritud spetsialistid v\u00f5imaldavad teostada enamuse metalli l\u00f5iket\u00f6\u00f6tlemise protsessidest, millest peamised t\u00f6\u00f6valdkonnad on treimine, freesimine ja keevitamine. T\u00f6\u00f6deldavate materjalide valik [&hellip;]<\/p>\n","protected":false},"author":1,"featured_media":0,"parent":0,"menu_order":0,"comment_status":"closed","ping_status":"closed","template":"","meta":{"ngg_post_thumbnail":0,"footnotes":""},"class_list":["post-7","page","type-page","status-publish","hentry"],"yoast_head":"<!-- This site is optimized with the Yoast SEO plugin v27.5 - https:\/\/yoast.com\/product\/yoast-seo-wordpress\/ -->\n<title>AT METALLI GRUPP O\u00dc - AT Metalli Grupp O&Uuml;<\/title>\n<meta name=\"description\" content=\"AT METALLI GRUPP O\u00dc AT Metalli Grupp O&Uuml;\" \/>\n<meta name=\"robots\" content=\"index, follow, max-snippet:-1, max-image-preview:large, max-video-preview:-1\" \/>\n<link rel=\"canonical\" href=\"https:\/\/atmetalwork.com\/en\/\" \/>\n<meta property=\"og:locale\" content=\"en_GB\" \/>\n<meta property=\"og:type\" content=\"article\" \/>\n<meta property=\"og:title\" content=\"AT METALLI GRUPP O\u00dc - AT Metalli Grupp O&Uuml;\" \/>\n<meta property=\"og:description\" content=\"AT METALLI GRUPP O\u00dc AT Metalli Grupp O&Uuml;\" \/>\n<meta property=\"og:url\" content=\"https:\/\/atmetalwork.com\/en\/\" \/>\n<meta property=\"og:site_name\" content=\"AT Metalli Grupp O&Uuml;\" \/>\n<meta property=\"article:modified_time\" content=\"2023-08-31T14:42:44+00:00\" \/>\n<meta name=\"twitter:card\" content=\"summary_large_image\" \/>\n<meta name=\"twitter:label1\" content=\"Estimated reading time\" \/>\n\t<meta name=\"twitter:data1\" content=\"1 minute\" \/>\n<script type=\"application\/ld+json\" class=\"yoast-schema-graph\">{\"@context\":\"https:\\\/\\\/schema.org\",\"@graph\":[{\"@type\":\"WebPage\",\"@id\":\"https:\\\/\\\/atmetalwork.com\\\/\",\"url\":\"https:\\\/\\\/atmetalwork.com\\\/\",\"name\":\"AT METALLI GRUPP O\u00dc - AT Metalli Grupp O&Uuml;\",\"isPartOf\":{\"@id\":\"https:\\\/\\\/atmetalwork.com\\\/#website\"},\"datePublished\":\"2023-01-21T15:51:09+00:00\",\"dateModified\":\"2023-08-31T14:42:44+00:00\",\"description\":\"AT METALLI GRUPP O\u00dc AT Metalli Grupp O&Uuml;\",\"breadcrumb\":{\"@id\":\"https:\\\/\\\/atmetalwork.com\\\/#breadcrumb\"},\"inLanguage\":\"en-GB\",\"potentialAction\":[{\"@type\":\"ReadAction\",\"target\":[\"https:\\\/\\\/atmetalwork.com\\\/\"]}]},{\"@type\":\"BreadcrumbList\",\"@id\":\"https:\\\/\\\/atmetalwork.com\\\/#breadcrumb\",\"itemListElement\":[{\"@type\":\"ListItem\",\"position\":1,\"name\":\"Home\",\"item\":\"https:\\\/\\\/atmetalwork.com\\\/\"},{\"@type\":\"ListItem\",\"position\":2,\"name\":\"AT METALLI GRUPP O\u00dc\"}]},{\"@type\":\"WebSite\",\"@id\":\"https:\\\/\\\/atmetalwork.com\\\/#website\",\"url\":\"https:\\\/\\\/atmetalwork.com\\\/\",\"name\":\"AT Metalli Grupp O&Uuml;\",\"description\":\"Metalwork solutions\",\"publisher\":{\"@id\":\"https:\\\/\\\/atmetalwork.com\\\/#organization\"},\"potentialAction\":[{\"@type\":\"SearchAction\",\"target\":{\"@type\":\"EntryPoint\",\"urlTemplate\":\"https:\\\/\\\/atmetalwork.com\\\/?s={search_term_string}\"},\"query-input\":{\"@type\":\"PropertyValueSpecification\",\"valueRequired\":true,\"valueName\":\"search_term_string\"}}],\"inLanguage\":\"en-GB\"},{\"@type\":\"Organization\",\"@id\":\"https:\\\/\\\/atmetalwork.com\\\/#organization\",\"name\":\"AT Metalli Grupp O\u00dc\",\"alternateName\":\"AT Metall\",\"url\":\"https:\\\/\\\/atmetalwork.com\\\/\",\"logo\":{\"@type\":\"ImageObject\",\"inLanguage\":\"en-GB\",\"@id\":\"https:\\\/\\\/atmetalwork.com\\\/#\\\/schema\\\/logo\\\/image\\\/\",\"url\":\"https:\\\/\\\/atmetalwork.com\\\/wp-content\\\/uploads\\\/2023\\\/01\\\/Logo-ratas.png\",\"contentUrl\":\"https:\\\/\\\/atmetalwork.com\\\/wp-content\\\/uploads\\\/2023\\\/01\\\/Logo-ratas.png\",\"width\":185,\"height\":159,\"caption\":\"AT Metalli Grupp O\u00dc\"},\"image\":{\"@id\":\"https:\\\/\\\/atmetalwork.com\\\/#\\\/schema\\\/logo\\\/image\\\/\"}}]}<\/script>\n<!-- \/ Yoast SEO plugin. -->","yoast_head_json":{"title":"AT METALLI GRUPP O\u00dc - AT Metalli Grupp O&Uuml;","description":"AT METALLI GRUPP O\u00dc AT Metalli Grupp O&Uuml;","robots":{"index":"index","follow":"follow","max-snippet":"max-snippet:-1","max-image-preview":"max-image-preview:large","max-video-preview":"max-video-preview:-1"},"canonical":"https:\/\/atmetalwork.com\/en\/","og_locale":"en_GB","og_type":"article","og_title":"AT METALLI GRUPP O\u00dc - AT Metalli Grupp O&Uuml;","og_description":"AT METALLI GRUPP O\u00dc AT Metalli Grupp O&Uuml;","og_url":"https:\/\/atmetalwork.com\/en\/","og_site_name":"AT Metalli Grupp O&Uuml;","article_modified_time":"2023-08-31T14:42:44+00:00","twitter_card":"summary_large_image","twitter_misc":{"Estimated reading time":"1 minute"},"schema":{"@context":"https:\/\/schema.org","@graph":[{"@type":"WebPage","@id":"https:\/\/atmetalwork.com\/","url":"https:\/\/atmetalwork.com\/","name":"AT METALLI GRUPP O\u00dc - AT Metalli Grupp O&Uuml;","isPartOf":{"@id":"https:\/\/atmetalwork.com\/#website"},"datePublished":"2023-01-21T15:51:09+00:00","dateModified":"2023-08-31T14:42:44+00:00","description":"AT METALLI GRUPP O\u00dc AT Metalli Grupp O&Uuml;","breadcrumb":{"@id":"https:\/\/atmetalwork.com\/#breadcrumb"},"inLanguage":"en-GB","potentialAction":[{"@type":"ReadAction","target":["https:\/\/atmetalwork.com\/"]}]},{"@type":"BreadcrumbList","@id":"https:\/\/atmetalwork.com\/#breadcrumb","itemListElement":[{"@type":"ListItem","position":1,"name":"Home","item":"https:\/\/atmetalwork.com\/"},{"@type":"ListItem","position":2,"name":"AT METALLI GRUPP O\u00dc"}]},{"@type":"WebSite","@id":"https:\/\/atmetalwork.com\/#website","url":"https:\/\/atmetalwork.com\/","name":"AT Metalli Grupp O&Uuml;","description":"Metalwork solutions","publisher":{"@id":"https:\/\/atmetalwork.com\/#organization"},"potentialAction":[{"@type":"SearchAction","target":{"@type":"EntryPoint","urlTemplate":"https:\/\/atmetalwork.com\/?s={search_term_string}"},"query-input":{"@type":"PropertyValueSpecification","valueRequired":true,"valueName":"search_term_string"}}],"inLanguage":"en-GB"},{"@type":"Organization","@id":"https:\/\/atmetalwork.com\/#organization","name":"AT Metalli Grupp O\u00dc","alternateName":"AT Metall","url":"https:\/\/atmetalwork.com\/","logo":{"@type":"ImageObject","inLanguage":"en-GB","@id":"https:\/\/atmetalwork.com\/#\/schema\/logo\/image\/","url":"https:\/\/atmetalwork.com\/wp-content\/uploads\/2023\/01\/Logo-ratas.png","contentUrl":"https:\/\/atmetalwork.com\/wp-content\/uploads\/2023\/01\/Logo-ratas.png","width":185,"height":159,"caption":"AT Metalli Grupp O\u00dc"},"image":{"@id":"https:\/\/atmetalwork.com\/#\/schema\/logo\/image\/"}}]}},"_links":{"self":[{"href":"https:\/\/atmetalwork.com\/en\/wp-json\/wp\/v2\/pages\/7","targetHints":{"allow":["GET"]}}],"collection":[{"href":"https:\/\/atmetalwork.com\/en\/wp-json\/wp\/v2\/pages"}],"about":[{"href":"https:\/\/atmetalwork.com\/en\/wp-json\/wp\/v2\/types\/page"}],"author":[{"embeddable":true,"href":"https:\/\/atmetalwork.com\/en\/wp-json\/wp\/v2\/users\/1"}],"replies":[{"embeddable":true,"href":"https:\/\/atmetalwork.com\/en\/wp-json\/wp\/v2\/comments?post=7"}],"version-history":[{"count":7,"href":"https:\/\/atmetalwork.com\/en\/wp-json\/wp\/v2\/pages\/7\/revisions"}],"predecessor-version":[{"id":212,"href":"https:\/\/atmetalwork.com\/en\/wp-json\/wp\/v2\/pages\/7\/revisions\/212"}],"wp:attachment":[{"href":"https:\/\/atmetalwork.com\/en\/wp-json\/wp\/v2\/media?parent=7"}],"curies":[{"name":"wp","href":"https:\/\/api.w.org\/{rel}","templated":true}]}}