{"id":167,"date":"2023-05-25T16:26:53","date_gmt":"2023-05-25T14:26:53","guid":{"rendered":"https:\/\/atmetalwork.com\/?page_id=167"},"modified":"2023-05-25T20:32:04","modified_gmt":"2023-05-25T18:32:04","slug":"cnc-plasmaloikus-ja-cnc-painutus","status":"publish","type":"page","link":"https:\/\/atmetalwork.com\/en\/cnc-plasmaloikus-ja-cnc-painutus\/","title":{"rendered":"CNC PLASMA CUTTING AND CNC BENDING"},"content":{"rendered":"<p><strong>Plasma cutting<\/strong><br>CNC plasma cutting machine AJAN PP 260<br>Maximum workpiece size: 2000x6000 mm<br>Maximum cut thickness: 30 mm<\/p>\n\n\n\n<figure class=\"wp-block-image size-large\"><img loading=\"lazy\" decoding=\"async\" width=\"1024\" height=\"576\" src=\"https:\/\/atmetalwork.com\/wp-content\/uploads\/2023\/05\/20230525_121258-1024x576.jpg\" alt=\"\" class=\"wp-image-168\" srcset=\"https:\/\/atmetalwork.com\/wp-content\/uploads\/2023\/05\/20230525_121258-1024x576.jpg 1024w, https:\/\/atmetalwork.com\/wp-content\/uploads\/2023\/05\/20230525_121258-300x169.jpg 300w, https:\/\/atmetalwork.com\/wp-content\/uploads\/2023\/05\/20230525_121258-768x432.jpg 768w, https:\/\/atmetalwork.com\/wp-content\/uploads\/2023\/05\/20230525_121258-1536x864.jpg 1536w, https:\/\/atmetalwork.com\/wp-content\/uploads\/2023\/05\/20230525_121258-2048x1152.jpg 2048w, https:\/\/atmetalwork.com\/wp-content\/uploads\/2023\/05\/20230525_121258-18x10.jpg 18w\" sizes=\"auto, (max-width: 1024px) 100vw, 1024px\" \/><\/figure>\n\n\n\n<p><\/p>\n\n\n\n<p><strong>Bending<\/strong><br>Hydraulic CNC press brake DURMA PBF 30200<br>Maximum bending force: 200 tons<br>Maximum bending length: 3000 mm<\/p>\n\n\n\n<figure class=\"wp-block-image size-large\"><img loading=\"lazy\" decoding=\"async\" width=\"1024\" height=\"576\" src=\"https:\/\/atmetalwork.com\/wp-content\/uploads\/2023\/05\/20230525_121216-1024x576.jpg\" alt=\"\" class=\"wp-image-169\" srcset=\"https:\/\/atmetalwork.com\/wp-content\/uploads\/2023\/05\/20230525_121216-1024x576.jpg 1024w, https:\/\/atmetalwork.com\/wp-content\/uploads\/2023\/05\/20230525_121216-300x169.jpg 300w, https:\/\/atmetalwork.com\/wp-content\/uploads\/2023\/05\/20230525_121216-768x432.jpg 768w, https:\/\/atmetalwork.com\/wp-content\/uploads\/2023\/05\/20230525_121216-1536x864.jpg 1536w, https:\/\/atmetalwork.com\/wp-content\/uploads\/2023\/05\/20230525_121216-2048x1152.jpg 2048w, https:\/\/atmetalwork.com\/wp-content\/uploads\/2023\/05\/20230525_121216-18x10.jpg 18w\" sizes=\"auto, (max-width: 1024px) 100vw, 1024px\" \/><\/figure>","protected":false},"excerpt":{"rendered":"<p>Plasmal\u00f5ikusCNC plasmal\u00f5ikuspink AJAN PP 260Maksimaalne l\u00f5igatava lehe suurus 2000\u00d76000 mmL\u00f5ikame detaile paksusega kuni 30 mm PainutusCNC painutuspink DURMA PBF 30200Maksimaalne survej\u00f5ud 200 tonniMaksimaalne painutuspikkus 3000 mm<\/p>","protected":false},"author":1,"featured_media":0,"parent":0,"menu_order":0,"comment_status":"closed","ping_status":"closed","template":"","meta":{"ngg_post_thumbnail":0,"footnotes":""},"class_list":["post-167","page","type-page","status-publish","hentry"],"yoast_head":"<!-- This site is optimized with the Yoast SEO plugin v27.5 - https:\/\/yoast.com\/product\/yoast-seo-wordpress\/ -->\n<title>CNC PLASMAL\u00d5IKUS JA CNC PAINUTUS - AT Metalli Grupp O&Uuml;<\/title>\n<meta name=\"description\" content=\"CNC PLASMAL\u00d5IKUS JA CNC PAINUTUS AT Metalli Grupp O&Uuml;\" \/>\n<meta name=\"robots\" content=\"index, follow, max-snippet:-1, max-image-preview:large, max-video-preview:-1\" \/>\n<link rel=\"canonical\" href=\"https:\/\/atmetalwork.com\/en\/cnc-plasmaloikus-ja-cnc-painutus\/\" \/>\n<meta property=\"og:locale\" content=\"en_GB\" \/>\n<meta property=\"og:type\" content=\"article\" \/>\n<meta property=\"og:title\" content=\"CNC PLASMAL\u00d5IKUS JA CNC PAINUTUS - AT Metalli Grupp O&Uuml;\" \/>\n<meta property=\"og:description\" content=\"CNC PLASMAL\u00d5IKUS JA CNC PAINUTUS AT Metalli Grupp O&Uuml;\" \/>\n<meta property=\"og:url\" content=\"https:\/\/atmetalwork.com\/en\/cnc-plasmaloikus-ja-cnc-painutus\/\" \/>\n<meta property=\"og:site_name\" content=\"AT Metalli Grupp O&Uuml;\" \/>\n<meta property=\"article:modified_time\" content=\"2023-05-25T18:32:04+00:00\" \/>\n<meta property=\"og:image\" content=\"https:\/\/atmetalwork.com\/wp-content\/uploads\/2023\/05\/20230525_121258-1024x576.jpg\" \/>\n<meta name=\"twitter:card\" content=\"summary_large_image\" \/>\n<meta name=\"twitter:label1\" content=\"Estimated reading time\" \/>\n\t<meta name=\"twitter:data1\" content=\"1 minute\" \/>\n<script type=\"application\/ld+json\" class=\"yoast-schema-graph\">{\"@context\":\"https:\\\/\\\/schema.org\",\"@graph\":[{\"@type\":\"WebPage\",\"@id\":\"https:\\\/\\\/atmetalwork.com\\\/cnc-plasmaloikus-ja-cnc-painutus\\\/\",\"url\":\"https:\\\/\\\/atmetalwork.com\\\/cnc-plasmaloikus-ja-cnc-painutus\\\/\",\"name\":\"CNC PLASMAL\u00d5IKUS JA CNC PAINUTUS - AT Metalli Grupp O&Uuml;\",\"isPartOf\":{\"@id\":\"https:\\\/\\\/atmetalwork.com\\\/#website\"},\"primaryImageOfPage\":{\"@id\":\"https:\\\/\\\/atmetalwork.com\\\/cnc-plasmaloikus-ja-cnc-painutus\\\/#primaryimage\"},\"image\":{\"@id\":\"https:\\\/\\\/atmetalwork.com\\\/cnc-plasmaloikus-ja-cnc-painutus\\\/#primaryimage\"},\"thumbnailUrl\":\"https:\\\/\\\/atmetalwork.com\\\/wp-content\\\/uploads\\\/2023\\\/05\\\/20230525_121258-1024x576.jpg\",\"datePublished\":\"2023-05-25T14:26:53+00:00\",\"dateModified\":\"2023-05-25T18:32:04+00:00\",\"description\":\"CNC PLASMAL\u00d5IKUS JA CNC PAINUTUS AT Metalli Grupp O&Uuml;\",\"breadcrumb\":{\"@id\":\"https:\\\/\\\/atmetalwork.com\\\/cnc-plasmaloikus-ja-cnc-painutus\\\/#breadcrumb\"},\"inLanguage\":\"en-GB\",\"potentialAction\":[{\"@type\":\"ReadAction\",\"target\":[\"https:\\\/\\\/atmetalwork.com\\\/cnc-plasmaloikus-ja-cnc-painutus\\\/\"]}]},{\"@type\":\"ImageObject\",\"inLanguage\":\"en-GB\",\"@id\":\"https:\\\/\\\/atmetalwork.com\\\/cnc-plasmaloikus-ja-cnc-painutus\\\/#primaryimage\",\"url\":\"https:\\\/\\\/atmetalwork.com\\\/wp-content\\\/uploads\\\/2023\\\/05\\\/20230525_121258-1024x576.jpg\",\"contentUrl\":\"https:\\\/\\\/atmetalwork.com\\\/wp-content\\\/uploads\\\/2023\\\/05\\\/20230525_121258-1024x576.jpg\"},{\"@type\":\"BreadcrumbList\",\"@id\":\"https:\\\/\\\/atmetalwork.com\\\/cnc-plasmaloikus-ja-cnc-painutus\\\/#breadcrumb\",\"itemListElement\":[{\"@type\":\"ListItem\",\"position\":1,\"name\":\"Home\",\"item\":\"https:\\\/\\\/atmetalwork.com\\\/\"},{\"@type\":\"ListItem\",\"position\":2,\"name\":\"CNC PLASMAL\u00d5IKUS JA CNC PAINUTUS\"}]},{\"@type\":\"WebSite\",\"@id\":\"https:\\\/\\\/atmetalwork.com\\\/#website\",\"url\":\"https:\\\/\\\/atmetalwork.com\\\/\",\"name\":\"AT Metalli Grupp O&Uuml;\",\"description\":\"Metalwork solutions\",\"publisher\":{\"@id\":\"https:\\\/\\\/atmetalwork.com\\\/#organization\"},\"potentialAction\":[{\"@type\":\"SearchAction\",\"target\":{\"@type\":\"EntryPoint\",\"urlTemplate\":\"https:\\\/\\\/atmetalwork.com\\\/?s={search_term_string}\"},\"query-input\":{\"@type\":\"PropertyValueSpecification\",\"valueRequired\":true,\"valueName\":\"search_term_string\"}}],\"inLanguage\":\"en-GB\"},{\"@type\":\"Organization\",\"@id\":\"https:\\\/\\\/atmetalwork.com\\\/#organization\",\"name\":\"AT Metalli Grupp O\u00dc\",\"alternateName\":\"AT Metall\",\"url\":\"https:\\\/\\\/atmetalwork.com\\\/\",\"logo\":{\"@type\":\"ImageObject\",\"inLanguage\":\"en-GB\",\"@id\":\"https:\\\/\\\/atmetalwork.com\\\/#\\\/schema\\\/logo\\\/image\\\/\",\"url\":\"https:\\\/\\\/atmetalwork.com\\\/wp-content\\\/uploads\\\/2023\\\/01\\\/Logo-ratas.png\",\"contentUrl\":\"https:\\\/\\\/atmetalwork.com\\\/wp-content\\\/uploads\\\/2023\\\/01\\\/Logo-ratas.png\",\"width\":185,\"height\":159,\"caption\":\"AT Metalli Grupp O\u00dc\"},\"image\":{\"@id\":\"https:\\\/\\\/atmetalwork.com\\\/#\\\/schema\\\/logo\\\/image\\\/\"}}]}<\/script>\n<!-- \/ Yoast SEO plugin. -->","yoast_head_json":{"title":"CNC PLASMAL\u00d5IKUS JA CNC PAINUTUS - AT Metalli Grupp O&Uuml;","description":"CNC PLASMAL\u00d5IKUS JA CNC PAINUTUS AT Metalli Grupp O&Uuml;","robots":{"index":"index","follow":"follow","max-snippet":"max-snippet:-1","max-image-preview":"max-image-preview:large","max-video-preview":"max-video-preview:-1"},"canonical":"https:\/\/atmetalwork.com\/en\/cnc-plasmaloikus-ja-cnc-painutus\/","og_locale":"en_GB","og_type":"article","og_title":"CNC PLASMAL\u00d5IKUS JA CNC PAINUTUS - AT Metalli Grupp O&Uuml;","og_description":"CNC PLASMAL\u00d5IKUS JA CNC PAINUTUS AT Metalli Grupp O&Uuml;","og_url":"https:\/\/atmetalwork.com\/en\/cnc-plasmaloikus-ja-cnc-painutus\/","og_site_name":"AT Metalli Grupp O&Uuml;","article_modified_time":"2023-05-25T18:32:04+00:00","og_image":[{"url":"https:\/\/atmetalwork.com\/wp-content\/uploads\/2023\/05\/20230525_121258-1024x576.jpg","type":"","width":"","height":""}],"twitter_card":"summary_large_image","twitter_misc":{"Estimated reading time":"1 minute"},"schema":{"@context":"https:\/\/schema.org","@graph":[{"@type":"WebPage","@id":"https:\/\/atmetalwork.com\/cnc-plasmaloikus-ja-cnc-painutus\/","url":"https:\/\/atmetalwork.com\/cnc-plasmaloikus-ja-cnc-painutus\/","name":"CNC PLASMAL\u00d5IKUS JA CNC PAINUTUS - AT Metalli Grupp O&Uuml;","isPartOf":{"@id":"https:\/\/atmetalwork.com\/#website"},"primaryImageOfPage":{"@id":"https:\/\/atmetalwork.com\/cnc-plasmaloikus-ja-cnc-painutus\/#primaryimage"},"image":{"@id":"https:\/\/atmetalwork.com\/cnc-plasmaloikus-ja-cnc-painutus\/#primaryimage"},"thumbnailUrl":"https:\/\/atmetalwork.com\/wp-content\/uploads\/2023\/05\/20230525_121258-1024x576.jpg","datePublished":"2023-05-25T14:26:53+00:00","dateModified":"2023-05-25T18:32:04+00:00","description":"CNC PLASMAL\u00d5IKUS JA CNC PAINUTUS AT Metalli Grupp O&Uuml;","breadcrumb":{"@id":"https:\/\/atmetalwork.com\/cnc-plasmaloikus-ja-cnc-painutus\/#breadcrumb"},"inLanguage":"en-GB","potentialAction":[{"@type":"ReadAction","target":["https:\/\/atmetalwork.com\/cnc-plasmaloikus-ja-cnc-painutus\/"]}]},{"@type":"ImageObject","inLanguage":"en-GB","@id":"https:\/\/atmetalwork.com\/cnc-plasmaloikus-ja-cnc-painutus\/#primaryimage","url":"https:\/\/atmetalwork.com\/wp-content\/uploads\/2023\/05\/20230525_121258-1024x576.jpg","contentUrl":"https:\/\/atmetalwork.com\/wp-content\/uploads\/2023\/05\/20230525_121258-1024x576.jpg"},{"@type":"BreadcrumbList","@id":"https:\/\/atmetalwork.com\/cnc-plasmaloikus-ja-cnc-painutus\/#breadcrumb","itemListElement":[{"@type":"ListItem","position":1,"name":"Home","item":"https:\/\/atmetalwork.com\/"},{"@type":"ListItem","position":2,"name":"CNC PLASMAL\u00d5IKUS JA CNC PAINUTUS"}]},{"@type":"WebSite","@id":"https:\/\/atmetalwork.com\/#website","url":"https:\/\/atmetalwork.com\/","name":"AT Metalli Grupp O&Uuml;","description":"Metalwork solutions","publisher":{"@id":"https:\/\/atmetalwork.com\/#organization"},"potentialAction":[{"@type":"SearchAction","target":{"@type":"EntryPoint","urlTemplate":"https:\/\/atmetalwork.com\/?s={search_term_string}"},"query-input":{"@type":"PropertyValueSpecification","valueRequired":true,"valueName":"search_term_string"}}],"inLanguage":"en-GB"},{"@type":"Organization","@id":"https:\/\/atmetalwork.com\/#organization","name":"AT Metalli Grupp O\u00dc","alternateName":"AT Metall","url":"https:\/\/atmetalwork.com\/","logo":{"@type":"ImageObject","inLanguage":"en-GB","@id":"https:\/\/atmetalwork.com\/#\/schema\/logo\/image\/","url":"https:\/\/atmetalwork.com\/wp-content\/uploads\/2023\/01\/Logo-ratas.png","contentUrl":"https:\/\/atmetalwork.com\/wp-content\/uploads\/2023\/01\/Logo-ratas.png","width":185,"height":159,"caption":"AT Metalli Grupp O\u00dc"},"image":{"@id":"https:\/\/atmetalwork.com\/#\/schema\/logo\/image\/"}}]}},"_links":{"self":[{"href":"https:\/\/atmetalwork.com\/en\/wp-json\/wp\/v2\/pages\/167","targetHints":{"allow":["GET"]}}],"collection":[{"href":"https:\/\/atmetalwork.com\/en\/wp-json\/wp\/v2\/pages"}],"about":[{"href":"https:\/\/atmetalwork.com\/en\/wp-json\/wp\/v2\/types\/page"}],"author":[{"embeddable":true,"href":"https:\/\/atmetalwork.com\/en\/wp-json\/wp\/v2\/users\/1"}],"replies":[{"embeddable":true,"href":"https:\/\/atmetalwork.com\/en\/wp-json\/wp\/v2\/comments?post=167"}],"version-history":[{"count":4,"href":"https:\/\/atmetalwork.com\/en\/wp-json\/wp\/v2\/pages\/167\/revisions"}],"predecessor-version":[{"id":175,"href":"https:\/\/atmetalwork.com\/en\/wp-json\/wp\/v2\/pages\/167\/revisions\/175"}],"wp:attachment":[{"href":"https:\/\/atmetalwork.com\/en\/wp-json\/wp\/v2\/media?parent=167"}],"curies":[{"name":"wp","href":"https:\/\/api.w.org\/{rel}","templated":true}]}}